{"id":1325,"date":"2021-06-12T22:48:09","date_gmt":"2021-06-12T20:48:09","guid":{"rendered":"https:\/\/photozeichen.de\/toblog\/?page_id=1325"},"modified":"2021-07-05T15:36:44","modified_gmt":"2021-07-05T13:36:44","slug":"startseite","status":"publish","type":"page","link":"https:\/\/photozeichen.de\/toblog\/","title":{"rendered":"Startseite"},"content":{"rendered":"\n<div class=\"wp-block-columns alignwide are-vertically-aligned-top is-layout-flex wp-container-core-columns-is-layout-9d6595d7 wp-block-columns-is-layout-flex\">\n<div class=\"wp-block-column is-vertically-aligned-top is-layout-flow wp-block-column-is-layout-flow\">\n<h2 class=\"has-green-background-color has-background has-normal-font-size wp-block-heading\"><a href=\"https:\/\/photozeichen.de\/toblog\/index.php\/physiklehrgang-oberstufe\/620\" data-type=\"URL\" data-id=\"https:\/\/photozeichen.de\/toblog\/index.php\/physiklehrgang-oberstufe\/620\"><strong>Physikbuch<\/strong><\/a><\/h2>\n\n\n\n<figure class=\"wp-block-image size-full is-resized\"><a href=\"https:\/\/photozeichen.de\/toblog\/index.php\/physiklehrgang-oberstufe\/620\"><img loading=\"lazy\" decoding=\"async\" src=\"https:\/\/photozeichen.de\/toblog\/wp-content\/uploads\/2018\/04\/Auto-auf-Fahrbahn.jpg\" alt=\"\" class=\"wp-image-1102\" width=\"339\" height=\"160\" srcset=\"https:\/\/photozeichen.de\/toblog\/wp-content\/uploads\/2018\/04\/Auto-auf-Fahrbahn.jpg 339w, https:\/\/photozeichen.de\/toblog\/wp-content\/uploads\/2018\/04\/Auto-auf-Fahrbahn-150x71.jpg 150w, https:\/\/photozeichen.de\/toblog\/wp-content\/uploads\/2018\/04\/Auto-auf-Fahrbahn-300x142.jpg 300w\" sizes=\"auto, (max-width: 339px) 100vw, 339px\" \/><\/a><figcaption>Zeichnung: Daniela Tobias<\/figcaption><\/figure>\n\n\n<ul class=\"wp-block-latest-posts__list alignfull is-style-twentytwentyone-latest-posts-dividers wp-block-latest-posts\"><li><a class=\"wp-block-latest-posts__post-title\" href=\"https:\/\/photozeichen.de\/toblog\/index.php\/physiklehrgang-oberstufe\/620\">Physiklehrgang Oberstufe<\/a><div class=\"wp-block-latest-posts__post-excerpt\">Damit nun meine Arbeit nicht in Aktenordnern verschwindet, bin ich dabei, meinen Physiklehrgang, den ich mit wechselnden Schwerpunkten genau neun Mal als Leistungskurs in den Jahrgangsstufen 11&#8211;13 durchgef\u00fchrt habe, hier allgemein zug\u00e4nglich zu machen. Bis jetzt sind untenstehende Kapitel bearbeitet. Weitere Kapitel sollen in loser Folge dazukommen. Der aktuelle Bearbeitungsstand ergibt sich aus dem Datum auf dem Titelblatt. 15.01.2026 Das Projekt ist abgeschlossen. Zuletzt hinzugekommen sind die Kapitel 43 Ideen&hellip; <a class=\"more-link\" href=\"https:\/\/photozeichen.de\/toblog\/index.php\/physiklehrgang-oberstufe\/620\"><span class=\"screen-reader-text\">Physiklehrgang Oberstufe<\/span> weiterlesen<\/a><\/div><\/li>\n<\/ul>\n\n\n<h2 class=\"has-green-background-color has-background has-normal-font-size wp-block-heading\"><a href=\"https:\/\/photozeichen.de\/toblog\/index.php\/category\/neuigkeiten\" data-type=\"URL\">Neuigkeiten<\/a><\/h2>\n\n\n<ul class=\"wp-block-latest-posts__list has-dates is-style-twentytwentyone-latest-posts-dividers wp-block-latest-posts\"><li><a class=\"wp-block-latest-posts__post-title\" href=\"https:\/\/photozeichen.de\/toblog\/index.php\/18-monate-erfahrung-mit-dem-id-3\/1706\">18 Monate Erfahrung mit dem ID.3<\/a><time datetime=\"2023-02-28T12:58:55+01:00\" class=\"wp-block-latest-posts__post-date\">28. Februar 2023<\/time><div class=\"wp-block-latest-posts__post-excerpt\">Nach 18 Monaten mit dem ID.3 ist es dann doch einmal an der Zeit, eine kleine Zusammenfassung von den Erfahrungen aufzuschreiben, die wir bei der t\u00e4glichen Nutzung des Fahrzeugs so bemerkt haben. Ich frag mich, warum es zum Geier heutzutage keinen Waschstra\u00dfenmodus gibt? Das sind ja mittlerweile so viele Funktionen, die man deaktivieren muss. Das ist ja schlimm. Fazit: Das Auto f\u00e4hrt gut und sehr ruhig. Das Piepsen bei geringen&hellip; <a class=\"more-link\" href=\"https:\/\/photozeichen.de\/toblog\/index.php\/18-monate-erfahrung-mit-dem-id-3\/1706\"><span class=\"screen-reader-text\">18 Monate Erfahrung mit dem ID.3<\/span> weiterlesen<\/a><\/div><\/li>\n<\/ul><\/div>\n\n\n\n<div class=\"wp-block-column is-vertically-aligned-top is-layout-flow wp-block-column-is-layout-flow\">\n<h2 class=\"has-green-background-color has-background has-normal-font-size wp-block-heading\"><a href=\"https:\/\/photozeichen.de\/toblog\/index.php\/category\/mathematik\"><strong>Mathematik<\/strong><\/a><\/h2>\n\n\n\n<figure class=\"wp-block-image size-medium\"><img loading=\"lazy\" decoding=\"async\" width=\"300\" height=\"292\" src=\"https:\/\/photozeichen.de\/toblog\/wp-content\/uploads\/2018\/01\/Kreis-mit-Quadrat-e1516374462106-300x292.jpg\" alt=\"\" class=\"wp-image-1063\" srcset=\"https:\/\/photozeichen.de\/toblog\/wp-content\/uploads\/2018\/01\/Kreis-mit-Quadrat-e1516374462106-300x292.jpg 300w, https:\/\/photozeichen.de\/toblog\/wp-content\/uploads\/2018\/01\/Kreis-mit-Quadrat-e1516374462106-150x146.jpg 150w, https:\/\/photozeichen.de\/toblog\/wp-content\/uploads\/2018\/01\/Kreis-mit-Quadrat-e1516374462106.jpg 359w\" sizes=\"auto, (max-width: 300px) 100vw, 300px\" \/><\/figure>\n\n\n<ul class=\"wp-block-latest-posts__list has-dates is-style-twentytwentyone-latest-posts-dividers wp-block-latest-posts\"><li><a class=\"wp-block-latest-posts__post-title\" href=\"https:\/\/photozeichen.de\/toblog\/index.php\/faktorisierung-eines-ganzrationalen-terms-4-grades\/1057\">Faktorisierung eines ganzrationalen Terms 4. Grades<\/a><time datetime=\"2018-01-19T16:10:17+01:00\" class=\"wp-block-latest-posts__post-date\">19. Januar 2018<\/time><div class=\"wp-block-latest-posts__post-excerpt\">&#8222;Wer an der THI (Technische Hochschule Ingolstadt) promovieren m\u00f6chte, sollte &#8218;aus dem Stand&#8216; den Term x4+1 faktorisieren k\u00f6nnen.&#8220; \u2013 so die Aussage eines Professors. Genauer formuliert hei\u00dft&hellip; <a class=\"more-link\" href=\"https:\/\/photozeichen.de\/toblog\/index.php\/faktorisierung-eines-ganzrationalen-terms-4-grades\/1057\"><span class=\"screen-reader-text\">Faktorisierung eines ganzrationalen Terms 4. Grades<\/span> weiterlesen<\/a><\/div><\/li>\n<li><a class=\"wp-block-latest-posts__post-title\" href=\"https:\/\/photozeichen.de\/toblog\/index.php\/das-zornsche-lemma\/579\">Das Zornsche Lemma<\/a><time datetime=\"2014-11-29T15:47:47+01:00\" class=\"wp-block-latest-posts__post-date\">29. November 2014<\/time><div class=\"wp-block-latest-posts__post-excerpt\">Meine mathematische Staatsexamensarbeit an der Universit\u00e4t zu K\u00f6ln habe ich aus der Schreibmaschinen-Version der 1970er Jahre zu einem LaTeX-Dokument verarbeitet.<\/div><\/li>\n<li><a class=\"wp-block-latest-posts__post-title\" href=\"https:\/\/photozeichen.de\/toblog\/index.php\/uebersicht-ueber-die-potenzrechnung\/566\">\u00dcbersicht \u00fcber die Potenzrechnung<\/a><time datetime=\"2014-06-17T17:15:55+02:00\" class=\"wp-block-latest-posts__post-date\">17. Juni 2014<\/time><div class=\"wp-block-latest-posts__post-excerpt\">In der Datei \u00dcbersicht \u00fcber die Potenzrechnung m\u00f6chte ich eine kurze Zusammenstellung der grunds\u00e4tzlichen Definitionen und Gesetze der Potenzrechnung anbieten. Download: Potenz.pdf<\/div><\/li>\n<\/ul>\n\n\n<h2 class=\"has-green-background-color has-background has-normal-font-size wp-block-heading\"><a href=\"https:\/\/photozeichen.de\/toblog\/index.php\/category\/physik\" data-type=\"URL\" data-id=\"https:\/\/photozeichen.de\/toblog\/index.php\/category\/physik\"><strong>Physik<\/strong><\/a><\/h2>\n\n\n\n<figure class=\"wp-block-image size-large\"><img loading=\"lazy\" decoding=\"async\" width=\"997\" height=\"256\" src=\"https:\/\/photozeichen.de\/toblog\/wp-content\/uploads\/2020\/10\/NF-Schwingkeis-Oszillogramm.jpg\" alt=\"\" class=\"wp-image-1236\" srcset=\"https:\/\/photozeichen.de\/toblog\/wp-content\/uploads\/2020\/10\/NF-Schwingkeis-Oszillogramm.jpg 997w, https:\/\/photozeichen.de\/toblog\/wp-content\/uploads\/2020\/10\/NF-Schwingkeis-Oszillogramm-300x77.jpg 300w, https:\/\/photozeichen.de\/toblog\/wp-content\/uploads\/2020\/10\/NF-Schwingkeis-Oszillogramm-150x39.jpg 150w, https:\/\/photozeichen.de\/toblog\/wp-content\/uploads\/2020\/10\/NF-Schwingkeis-Oszillogramm-768x197.jpg 768w\" sizes=\"auto, (max-width: 997px) 100vw, 997px\" \/><figcaption>Freie elektromagnetische Schwingung<\/figcaption><\/figure>\n\n\n<ul class=\"wp-block-latest-posts__list has-dates is-style-twentytwentyone-latest-posts-dividers wp-block-latest-posts\"><li><a class=\"wp-block-latest-posts__post-title\" href=\"https:\/\/photozeichen.de\/toblog\/index.php\/physiklehrgang-oberstufe\/620\">Physiklehrgang Oberstufe<\/a><time datetime=\"2015-08-26T11:55:38+02:00\" class=\"wp-block-latest-posts__post-date\">26. August 2015<\/time><div class=\"wp-block-latest-posts__post-excerpt\">Damit nun meine Arbeit nicht in Aktenordnern verschwindet, bin ich dabei, meinen Physiklehrgang, den ich mit wechselnden Schwerpunkten genau neun Mal als Leistungskurs in den Jahrgangsstufen 11&#8211;13&hellip; <a class=\"more-link\" href=\"https:\/\/photozeichen.de\/toblog\/index.php\/physiklehrgang-oberstufe\/620\"><span class=\"screen-reader-text\">Physiklehrgang Oberstufe<\/span> weiterlesen<\/a><\/div><\/li>\n<li><a class=\"wp-block-latest-posts__post-title\" href=\"https:\/\/photozeichen.de\/toblog\/index.php\/210\/210\">Vorbereitung auf Klassenarbeiten in PH-Diff<\/a><time datetime=\"2011-03-13T15:04:15+01:00\" class=\"wp-block-latest-posts__post-date\">13. M\u00e4rz 2011<\/time><div class=\"wp-block-latest-posts__post-excerpt\">Heute &#8211; am Sonntag vor einer Klassenarbeit &#8211; erreicht mich folgende Anfrage: k\u00f6nnten sie in ihr Website nicht auch mal den normalen Unterrichtsablauf noch mal auflisten, damit&hellip; <a class=\"more-link\" href=\"https:\/\/photozeichen.de\/toblog\/index.php\/210\/210\"><span class=\"screen-reader-text\">Vorbereitung auf Klassenarbeiten in PH-Diff<\/span> weiterlesen<\/a><\/div><\/li>\n<li><a class=\"wp-block-latest-posts__post-title\" href=\"https:\/\/photozeichen.de\/toblog\/index.php\/komplexe-zahlen\/25\">Komplexe Zahlen<\/a><time datetime=\"2009-10-14T18:56:13+02:00\" class=\"wp-block-latest-posts__post-date\">14. Oktober 2009<\/time><div class=\"wp-block-latest-posts__post-excerpt\">Eine Zusammenstellung \u00fcber komplexe Zahlen und Wechselstromwiderst\u00e4nde kann hier als PDF (63kB) heruntergeladen werden: Download: komplex.pdf<\/div><\/li>\n<li><a class=\"wp-block-latest-posts__post-title\" href=\"https:\/\/photozeichen.de\/toblog\/index.php\/maxwellsche-gleichungen\/22\">Maxwellsche Gleichungen<\/a><time datetime=\"2009-10-14T18:52:22+02:00\" class=\"wp-block-latest-posts__post-date\">14. Oktober 2009<\/time><div class=\"wp-block-latest-posts__post-excerpt\">Eine Facharbeit von Ingo Treunowski und Dominik Pyschny \u00fcber Maxwellsche Gleichungen f\u00fcr beliebige el. und mg. Felder kann hier als PDF (1,2MB) heruntergeladen werden: Download: maxwell.pdf<\/div><\/li>\n<\/ul>\n\n\n<h2 class=\"has-green-background-color has-background has-normal-font-size wp-block-heading\"><a href=\"https:\/\/photozeichen.de\/toblog\/index.php\/category\/sonstiges\" data-type=\"category\" data-id=\"5\">Sonstiges<\/a><\/h2>\n\n\n\n<figure class=\"wp-block-image size-large\"><img loading=\"lazy\" decoding=\"async\" width=\"1024\" height=\"683\" src=\"https:\/\/photozeichen.de\/toblog\/wp-content\/uploads\/2013\/11\/hpplotter02.jpg\" alt=\"\" class=\"wp-image-455\" srcset=\"https:\/\/photozeichen.de\/toblog\/wp-content\/uploads\/2013\/11\/hpplotter02.jpg 1024w, https:\/\/photozeichen.de\/toblog\/wp-content\/uploads\/2013\/11\/hpplotter02-300x200.jpg 300w\" sizes=\"auto, (max-width: 1024px) 100vw, 1024px\" \/><\/figure>\n\n\n<ul class=\"wp-block-latest-posts__list has-dates is-style-twentytwentyone-latest-posts-dividers wp-block-latest-posts\"><li><a class=\"wp-block-latest-posts__post-title\" href=\"https:\/\/photozeichen.de\/toblog\/index.php\/elektroauto-zu-hause-laden-2\/1653\">Elektroauto zu Hause laden (2)<\/a><time datetime=\"2021-10-06T18:22:21+02:00\" class=\"wp-block-latest-posts__post-date\">6. Oktober 2021<\/time><div class=\"wp-block-latest-posts__post-excerpt\">Bereits im Beitrag e-Golf zu Hause laden habe ich die grunds\u00e4tzlichen \u00dcberlegungen zum Laden innerhalb des eigenen Stromnetzes dargestellt. In der Praxis war es so, dass wir&hellip; <a class=\"more-link\" href=\"https:\/\/photozeichen.de\/toblog\/index.php\/elektroauto-zu-hause-laden-2\/1653\"><span class=\"screen-reader-text\">Elektroauto zu Hause laden (2)<\/span> weiterlesen<\/a><\/div><\/li>\n<li><a class=\"wp-block-latest-posts__post-title\" href=\"https:\/\/photozeichen.de\/toblog\/index.php\/hp-plotter-7475a\/420\">HP-Plotter 7475A<\/a><time datetime=\"2013-11-19T21:00:06+01:00\" class=\"wp-block-latest-posts__post-date\">19. November 2013<\/time><div class=\"wp-block-latest-posts__post-excerpt\">Hurra! Heute hat mir mein Plotter HP-7475A gehorcht. Doch nun von Anfang an: In den 90er Jahren des letzten Jahrhunderts hatte ich mir in den Kopf gesetzt,&hellip; <a class=\"more-link\" href=\"https:\/\/photozeichen.de\/toblog\/index.php\/hp-plotter-7475a\/420\"><span class=\"screen-reader-text\">HP-Plotter 7475A<\/span> weiterlesen<\/a><\/div><\/li>\n<li><a class=\"wp-block-latest-posts__post-title\" href=\"https:\/\/photozeichen.de\/toblog\/index.php\/ruhestand-oder-was\/393\">Ruhestand &#8212; oder was?<\/a><time datetime=\"2013-08-01T07:00:11+02:00\" class=\"wp-block-latest-posts__post-date\">1. August 2013<\/time><div class=\"wp-block-latest-posts__post-excerpt\">Der Blog im bisherigen Sinne wird wegen Pensionierung geschlossen. Inhaltlich \u00fcberholte Beitr\u00e4ge werden entfernt. Das hei\u00dft: rechtsverbindliche Ausk\u00fcnfte k\u00f6nnen nicht mehr erteilt werden. Aber: Vielleicht gibt es&hellip; <a class=\"more-link\" href=\"https:\/\/photozeichen.de\/toblog\/index.php\/ruhestand-oder-was\/393\"><span class=\"screen-reader-text\">Ruhestand &#8212; oder was?<\/span> weiterlesen<\/a><\/div><\/li>\n<li><a class=\"wp-block-latest-posts__post-title\" href=\"https:\/\/photozeichen.de\/toblog\/index.php\/vorgeschmack-auf-berlin-2010\/62\">Vorgeschmack auf Berlin 2010<\/a><time datetime=\"2009-10-14T21:57:23+02:00\" class=\"wp-block-latest-posts__post-date\">14. Oktober 2009<\/time><div class=\"wp-block-latest-posts__post-excerpt\">Als kleiner Vorgeschmack auf die Kursfahrt des Mathe-LK nach Berlin 2010. Fotos: Daniela Tobias, 2006 &nbsp;<\/div><\/li>\n<\/ul><\/div>\n\n\n\n<div class=\"wp-block-column is-vertically-aligned-top is-layout-flow wp-block-column-is-layout-flow\">\n<h2 class=\"has-green-background-color has-background has-normal-font-size wp-block-heading\"><a href=\"https:\/\/photozeichen.de\/toblog\/index.php\/category\/elektromobilitaet\"><strong>Elektromobilit\u00e4t<\/strong><\/a><\/h2>\n\n\n\n<figure class=\"wp-block-image size-large\"><img loading=\"lazy\" decoding=\"async\" width=\"1024\" height=\"683\" src=\"https:\/\/photozeichen.de\/toblog\/wp-content\/uploads\/2017\/07\/Reichenau_7574-1024x683.jpg\" alt=\"\" class=\"wp-image-1018\" srcset=\"https:\/\/photozeichen.de\/toblog\/wp-content\/uploads\/2017\/07\/Reichenau_7574-1024x683.jpg 1024w, https:\/\/photozeichen.de\/toblog\/wp-content\/uploads\/2017\/07\/Reichenau_7574-150x100.jpg 150w, https:\/\/photozeichen.de\/toblog\/wp-content\/uploads\/2017\/07\/Reichenau_7574-300x200.jpg 300w, https:\/\/photozeichen.de\/toblog\/wp-content\/uploads\/2017\/07\/Reichenau_7574-768x512.jpg 768w, https:\/\/photozeichen.de\/toblog\/wp-content\/uploads\/2017\/07\/Reichenau_7574-1200x800.jpg 1200w\" sizes=\"auto, (max-width: 1024px) 100vw, 1024px\" \/><figcaption>Foto: DT<\/figcaption><\/figure>\n\n\n<ul class=\"wp-block-latest-posts__list has-dates is-style-twentytwentyone-latest-posts-dividers wp-block-latest-posts\"><li><a class=\"wp-block-latest-posts__post-title\" href=\"https:\/\/photozeichen.de\/toblog\/index.php\/18-monate-erfahrung-mit-dem-id-3\/1706\">18 Monate Erfahrung mit dem ID.3<\/a><time datetime=\"2023-02-28T12:58:55+01:00\" class=\"wp-block-latest-posts__post-date\">28. Februar 2023<\/time><div class=\"wp-block-latest-posts__post-excerpt\">Nach 18 Monaten mit dem ID.3 ist es dann doch einmal an der Zeit, eine kleine Zusammenfassung von den Erfahrungen aufzuschreiben, die wir bei der t\u00e4glichen Nutzung&hellip; <a class=\"more-link\" href=\"https:\/\/photozeichen.de\/toblog\/index.php\/18-monate-erfahrung-mit-dem-id-3\/1706\"><span class=\"screen-reader-text\">18 Monate Erfahrung mit dem ID.3<\/span> weiterlesen<\/a><\/div><\/li>\n<li><a class=\"wp-block-latest-posts__post-title\" href=\"https:\/\/photozeichen.de\/toblog\/index.php\/auf-ein-neues-id-3-pro\/1641\">Auf ein Neues: ID.3 Pro<\/a><time datetime=\"2021-10-06T18:02:37+02:00\" class=\"wp-block-latest-posts__post-date\">6. Oktober 2021<\/time><div class=\"wp-block-latest-posts__post-excerpt\">Am 05.05.2021 waren wir bei unserem Autoh\u00e4ndler um einen ID.3 zu bestellen. Immerhin war der &#8222;alte&#8220; e-Golf (2017) schon vier Jahre alt. Nat\u00fcrlich geh\u00f6rt das Auto nach&hellip; <a class=\"more-link\" href=\"https:\/\/photozeichen.de\/toblog\/index.php\/auf-ein-neues-id-3-pro\/1641\"><span class=\"screen-reader-text\">Auf ein Neues: ID.3 Pro<\/span> weiterlesen<\/a><\/div><\/li>\n<li><a class=\"wp-block-latest-posts__post-title\" href=\"https:\/\/photozeichen.de\/toblog\/index.php\/nachtrag-4-im-corona-jahr-2020-reicht-es-bis-leer-ostfriesland-2\/1615\">Nachtrag (4): Im Corona-Jahr 2020 reicht es bis Leer (Ostfriesland)<\/a><time datetime=\"2021-09-28T16:12:36+02:00\" class=\"wp-block-latest-posts__post-date\">28. September 2021<\/time><div class=\"wp-block-latest-posts__post-excerpt\">Im Jahr 2020 war die Mobilit\u00e4t durch Covid19 stark eingeschr\u00e4nkt. Das hatte zur Folge, dass die Batterie erheblich seltener geladen werden musste. Im ganzen Jahr wurden nur&hellip; <a class=\"more-link\" href=\"https:\/\/photozeichen.de\/toblog\/index.php\/nachtrag-4-im-corona-jahr-2020-reicht-es-bis-leer-ostfriesland-2\/1615\"><span class=\"screen-reader-text\">Nachtrag (4): Im Corona-Jahr 2020 reicht es bis Leer (Ostfriesland)<\/span> weiterlesen<\/a><\/div><\/li>\n<li><a class=\"wp-block-latest-posts__post-title\" href=\"https:\/\/photozeichen.de\/toblog\/index.php\/test2\/1579\">Nachtrag (3): Von Die\/Dr\u00f4me \u00fcber Langres und Ahrweiler zur\u00fcck<\/a><time datetime=\"2021-09-25T17:12:00+02:00\" class=\"wp-block-latest-posts__post-date\">25. September 2021<\/time><div class=\"wp-block-latest-posts__post-excerpt\">Dies ist die Fortsetzung der Berichtes \u00fcber die Frankreichtour Die\/Dr\u00f4me (Hinfahrt). Jetzt geht es um die R\u00fcckfahrt.&nbsp; Wir haben daf\u00fcr zwei Tage eingeplant, da wir noch in&hellip; <a class=\"more-link\" href=\"https:\/\/photozeichen.de\/toblog\/index.php\/test2\/1579\"><span class=\"screen-reader-text\">Nachtrag (3): Von Die\/Dr\u00f4me \u00fcber Langres und Ahrweiler zur\u00fcck<\/span> weiterlesen<\/a><\/div><\/li>\n<\/ul>\n\n\n<h2 class=\"has-green-background-color has-background has-normal-font-size wp-block-heading\"><a href=\"https:\/\/photozeichen.de\/toblog\/index.php\/category\/latex\" data-type=\"URL\" data-id=\"https:\/\/photozeichen.de\/toblog\/index.php\/category\/latex\">LaTeX<\/a><\/h2>\n\n\n<ul class=\"wp-block-latest-posts__list has-dates is-style-twentytwentyone-latest-posts-dividers wp-block-latest-posts\"><li><a class=\"wp-block-latest-posts__post-title\" href=\"https:\/\/photozeichen.de\/toblog\/index.php\/darstellungsweise-einer-facharbeit-2018\/1074\">Darstellungsweise einer Facharbeit (2018)<\/a><time datetime=\"2018-02-02T17:21:38+01:00\" class=\"wp-block-latest-posts__post-date\">2. Februar 2018<\/time><div class=\"wp-block-latest-posts__post-excerpt\">Da meine Tochter gerade eine Facharbeit schreiben muss, habe ich mir meine Ausf\u00fchrungen aus dem Jahr 2016 noch einmal angesehen und aktualisiert. Die Vorgaben des Humboldtgymnasiums Solingen&hellip; <a class=\"more-link\" href=\"https:\/\/photozeichen.de\/toblog\/index.php\/darstellungsweise-einer-facharbeit-2018\/1074\"><span class=\"screen-reader-text\">Darstellungsweise einer Facharbeit (2018)<\/span> weiterlesen<\/a><\/div><\/li>\n<li><a class=\"wp-block-latest-posts__post-title\" href=\"https:\/\/photozeichen.de\/toblog\/index.php\/darstellungsweise-einer-facharbeit-version-2016\/690\">Darstellungsweise einer Facharbeit (2016)<\/a><time datetime=\"2016-01-07T09:27:54+01:00\" class=\"wp-block-latest-posts__post-date\">7. Januar 2016<\/time><div class=\"wp-block-latest-posts__post-excerpt\">Da mein Sohn gerade eine Facharbeit schreiben muss, habe ich mir meine Ausf\u00fchrungen aus dem Jahr 2013 noch einmal angesehen und auf einen etwas moderneren Stand gebracht.&hellip; <a class=\"more-link\" href=\"https:\/\/photozeichen.de\/toblog\/index.php\/darstellungsweise-einer-facharbeit-version-2016\/690\"><span class=\"screen-reader-text\">Darstellungsweise einer Facharbeit (2016)<\/span> weiterlesen<\/a><\/div><\/li>\n<li><a class=\"wp-block-latest-posts__post-title\" href=\"https:\/\/photozeichen.de\/toblog\/index.php\/latex-referenz\/411\">LaTeX-Referenz<\/a><time datetime=\"2013-11-10T20:49:53+01:00\" class=\"wp-block-latest-posts__post-date\">10. November 2013<\/time><div class=\"wp-block-latest-posts__post-excerpt\">Soeben erreicht mich die Nachricht, dass es eine kostenlose LaTeX-Referenz gibt. In Zusammenarbeit mit Lehmanns Media kann diese Referenz (32 Seiten) allen Interessenten kostenlos zugeschickt werden. Sie&hellip; <a class=\"more-link\" href=\"https:\/\/photozeichen.de\/toblog\/index.php\/latex-referenz\/411\"><span class=\"screen-reader-text\">LaTeX-Referenz<\/span> weiterlesen<\/a><\/div><\/li>\n<\/ul>\n\n<form role=\"search\" method=\"get\" action=\"https:\/\/photozeichen.de\/toblog\/\" class=\"wp-block-search__button-outside wp-block-search__text-button wp-block-search\"    ><label class=\"wp-block-search__label\" for=\"wp-block-search__input-1\" >Suchen<\/label><div class=\"wp-block-search__inside-wrapper \"  style=\"width: 100%\"><input class=\"wp-block-search__input\" id=\"wp-block-search__input-1\" placeholder=\"\" value=\"\" type=\"search\" name=\"s\" required \/><button aria-label=\"Suchen\" class=\"wp-block-search__button wp-element-button\" type=\"submit\" >Suchen<\/button><\/div><\/form><\/div>\n<\/div>\n\n\n\n<p><\/p>\n","protected":false},"excerpt":{"rendered":"<p>Physikbuch Neuigkeiten Mathematik Physik Sonstiges Elektromobilit\u00e4t LaTeX<\/p>\n","protected":false},"author":4,"featured_media":0,"parent":0,"menu_order":0,"comment_status":"closed","ping_status":"closed","template":"","meta":{"footnotes":""},"class_list":["post-1325","page","type-page","status-publish","hentry","entry"],"_links":{"self":[{"href":"https:\/\/photozeichen.de\/toblog\/index.php\/wp-json\/wp\/v2\/pages\/1325","targetHints":{"allow":["GET"]}}],"collection":[{"href":"https:\/\/photozeichen.de\/toblog\/index.php\/wp-json\/wp\/v2\/pages"}],"about":[{"href":"https:\/\/photozeichen.de\/toblog\/index.php\/wp-json\/wp\/v2\/types\/page"}],"author":[{"embeddable":true,"href":"https:\/\/photozeichen.de\/toblog\/index.php\/wp-json\/wp\/v2\/users\/4"}],"replies":[{"embeddable":true,"href":"https:\/\/photozeichen.de\/toblog\/index.php\/wp-json\/wp\/v2\/comments?post=1325"}],"version-history":[{"count":46,"href":"https:\/\/photozeichen.de\/toblog\/index.php\/wp-json\/wp\/v2\/pages\/1325\/revisions"}],"predecessor-version":[{"id":1773,"href":"https:\/\/photozeichen.de\/toblog\/index.php\/wp-json\/wp\/v2\/pages\/1325\/revisions\/1773"}],"wp:attachment":[{"href":"https:\/\/photozeichen.de\/toblog\/index.php\/wp-json\/wp\/v2\/media?parent=1325"}],"curies":[{"name":"wp","href":"https:\/\/api.w.org\/{rel}","templated":true}]}}